{"id":74,"date":"2015-09-29T18:24:10","date_gmt":"2015-09-29T16:24:10","guid":{"rendered":"http:\/\/tattoomax-straubing.de\/?page_id=74"},"modified":"2021-09-02T00:04:14","modified_gmt":"2021-09-01T22:04:14","slug":"tattoomax-straubing","status":"publish","type":"page","link":"http:\/\/tattoomax-straubing.de\/","title":{"rendered":"Tattoomax Straubing"},"content":{"rendered":"<p>[et_pb_section fb_built=&#8220;1&#8243; fullwidth=&#8220;on&#8220; _builder_version=&#8220;3.22&#8243;][et_pb_fullwidth_slider admin_label=&#8220;Vollbreiter Slider&#8220; _builder_version=&#8220;3.16&#8243; custom_padding=&#8220;|||&#8220; custom_padding_tablet=&#8220;|||&#8220; custom_padding_phone=&#8220;|||&#8220; auto=&#8220;on&#8220; box_shadow_style=&#8220;preset6&#8243; box_shadow_blur=&#8220;10px&#8220; box_shadow_color=&#8220;rgba(0,0,0,0.1)&#8220; remove_inner_shadow=&#8220;off&#8220; hide_content_on_mobile=&#8220;off&#8220; hide_cta_on_mobile=&#8220;off&#8220; show_inner_shadow=&#8220;on&#8220; button_letter_spacing_hover=&#8220;0&#8243; button_text_size__hover_enabled=&#8220;off&#8220; button_one_text_size__hover_enabled=&#8220;off&#8220; button_two_text_size__hover_enabled=&#8220;off&#8220; button_text_color__hover_enabled=&#8220;off&#8220; button_one_text_color__hover_enabled=&#8220;off&#8220; button_two_text_color__hover_enabled=&#8220;off&#8220; button_border_width__hover_enabled=&#8220;off&#8220; button_one_border_width__hover_enabled=&#8220;off&#8220; button_two_border_width__hover_enabled=&#8220;off&#8220; button_border_color__hover_enabled=&#8220;off&#8220; button_one_border_color__hover_enabled=&#8220;off&#8220; button_two_border_color__hover_enabled=&#8220;off&#8220; button_border_radius__hover_enabled=&#8220;off&#8220; button_one_border_radius__hover_enabled=&#8220;off&#8220; button_two_border_radius__hover_enabled=&#8220;off&#8220; button_letter_spacing__hover_enabled=&#8220;on&#8220; button_letter_spacing__hover=&#8220;0&#8243; button_one_letter_spacing__hover_enabled=&#8220;off&#8220; button_two_letter_spacing__hover_enabled=&#8220;off&#8220; button_bg_color__hover_enabled=&#8220;off&#8220; button_one_bg_color__hover_enabled=&#8220;off&#8220; button_two_bg_color__hover_enabled=&#8220;off&#8220;][et_pb_slide heading=&#8220;Willkommen im Tattoomax Straubing&#8220; button_text=&#8220;ZUR GALERIE&#8220; button_link=&#8220;http:\/\/tattoomax-straubing.de\/?page_id=152&#8243; image=&#8220;http:\/\/tattoomax-straubing.de\/wp-content\/uploads\/2015\/09\/tattoo2.png&#8220; _builder_version=&#8220;3.16&#8243; background_color=&#8220;#ffffff&#8220; background_image=&#8220;http:\/\/tattoomax-straubing.de\/wp-content\/uploads\/2015\/09\/back.png&#8220; button_icon_placement=&#8220;right&#8220; button_on_hover=&#8220;on&#8220; button_text_size__hover_enabled=&#8220;off&#8220; button_one_text_size__hover_enabled=&#8220;off&#8220; button_two_text_size__hover_enabled=&#8220;off&#8220; button_text_color__hover_enabled=&#8220;off&#8220; button_one_text_color__hover_enabled=&#8220;off&#8220; button_two_text_color__hover_enabled=&#8220;off&#8220; button_border_width__hover_enabled=&#8220;off&#8220; button_one_border_width__hover_enabled=&#8220;off&#8220; button_two_border_width__hover_enabled=&#8220;off&#8220; button_border_color__hover_enabled=&#8220;off&#8220; button_one_border_color__hover_enabled=&#8220;off&#8220; button_two_border_color__hover_enabled=&#8220;off&#8220; button_border_radius__hover_enabled=&#8220;off&#8220; button_one_border_radius__hover_enabled=&#8220;off&#8220; button_two_border_radius__hover_enabled=&#8220;off&#8220; button_letter_spacing__hover_enabled=&#8220;off&#8220; button_one_letter_spacing__hover_enabled=&#8220;off&#8220; button_two_letter_spacing__hover_enabled=&#8220;off&#8220; button_bg_color__hover_enabled=&#8220;off&#8220; button_one_bg_color__hover_enabled=&#8220;off&#8220; button_two_bg_color__hover_enabled=&#8220;off&#8220;]Kunstwerke, die unter die Haut gehen.<br \/>\n[\/et_pb_slide][et_pb_slide heading=&#8220;Ihr T\u00e4towierer in Straubing&#8220; button_text=&#8220;Unser Studio&#8220; button_link=&#8220;http:\/\/tattoomax-straubing.de\/?page_id=204&#8243; _builder_version=&#8220;3.16&#8243; background_color=&#8220;#ffffff&#8220; background_image=&#8220;http:\/\/tattoomax-straubing.de\/wp-content\/uploads\/2015\/09\/back.png&#8220; button_icon_placement=&#8220;right&#8220; button_on_hover=&#8220;on&#8220; button_text_size__hover_enabled=&#8220;off&#8220; button_one_text_size__hover_enabled=&#8220;off&#8220; button_two_text_size__hover_enabled=&#8220;off&#8220; button_text_color__hover_enabled=&#8220;off&#8220; button_one_text_color__hover_enabled=&#8220;off&#8220; button_two_text_color__hover_enabled=&#8220;off&#8220; button_border_width__hover_enabled=&#8220;off&#8220; button_one_border_width__hover_enabled=&#8220;off&#8220; button_two_border_width__hover_enabled=&#8220;off&#8220; button_border_color__hover_enabled=&#8220;off&#8220; button_one_border_color__hover_enabled=&#8220;off&#8220; button_two_border_color__hover_enabled=&#8220;off&#8220; button_border_radius__hover_enabled=&#8220;off&#8220; button_one_border_radius__hover_enabled=&#8220;off&#8220; button_two_border_radius__hover_enabled=&#8220;off&#8220; button_letter_spacing__hover_enabled=&#8220;off&#8220; button_one_letter_spacing__hover_enabled=&#8220;off&#8220; button_two_letter_spacing__hover_enabled=&#8220;off&#8220; button_bg_color__hover_enabled=&#8220;off&#8220; button_one_bg_color__hover_enabled=&#8220;off&#8220; button_two_bg_color__hover_enabled=&#8220;off&#8220;]Komm ganz unverbindlich vorbei<br \/>\n[\/et_pb_slide][\/et_pb_fullwidth_slider][\/et_pb_section][et_pb_section fb_built=&#8220;1&#8243; inner_shadow=&#8220;on&#8220; custom_padding_last_edited=&#8220;on|desktop&#8220; _builder_version=&#8220;3.22&#8243; background_color=&#8220;#f9f9f9&#8243; parallax=&#8220;on&#8220; custom_padding_tablet=&#8220;50px|0|50px|0&#8243; custom_padding_phone=&#8220;&#8220; transparent_background=&#8220;off&#8220; padding_mobile=&#8220;off&#8220; make_fullwidth=&#8220;off&#8220; use_custom_width=&#8220;off&#8220; width_unit=&#8220;on&#8220;][et_pb_row column_structure=&#8220;1_2,1_2&#8243; _builder_version=&#8220;3.25&#8243; background_size=&#8220;initial&#8220; background_position=&#8220;top_left&#8220; background_repeat=&#8220;repeat&#8220;][et_pb_column type=&#8220;1_2&#8243; _builder_version=&#8220;3.25&#8243; custom_padding=&#8220;|||&#8220; custom_padding__hover=&#8220;|||&#8220;][et_pb_text admin_label=&#8220;Text&#8220; _builder_version=&#8220;3.27.4&#8243; background_size=&#8220;initial&#8220; background_position=&#8220;top_left&#8220; background_repeat=&#8220;repeat&#8220; use_border_color=&#8220;off&#8220; border_color=&#8220;#ffffff&#8220; border_style=&#8220;solid&#8220;]<\/p>\n<h2><strong>Willkommen im Tattoomax Straubing<\/strong><\/h2>\n<h6>Seit 1998 zaubere ich individuelle Kunstwerke, die unter die Haut gehen.<\/h6>\n<p>Lies \u00fcber die Grundlagen des T\u00e4towierens und informiere dich \u00fcber meine Arbeitsweise.<\/p>\n<p>Schau Dir in meiner Galerie einige Beispiel-Arbeiten an, entdecke vielleicht dein eigenes Lieblingstattoo und wirf einen Blick in mein Studio.<\/p>\n<p>Komm schlie\u00dflich einfach unverbindlich vorbei, um weitere Informationen zu erhalten oder einen Termin zu vereinbaren f\u00fcr deinen ganz pers\u00f6nlichen K\u00f6rperschmuck.<\/p>\n<p><em>Viel Spass beim St\u00f6bern<\/em><br \/>\n[\/et_pb_text][\/et_pb_column][et_pb_column type=&#8220;1_2&#8243; _builder_version=&#8220;3.25&#8243; custom_padding=&#8220;|||&#8220; custom_padding__hover=&#8220;|||&#8220;][et_pb_image src=&#8220;http:\/\/tattoomax-straubing.de\/wp-content\/uploads\/2015\/09\/tattoo1.png&#8220; show_in_lightbox=&#8220;on&#8220; show_bottom_space=&#8220;off&#8220; align=&#8220;center&#8220; align_tablet=&#8220;center&#8220; align_phone=&#8220;&#8220; align_last_edited=&#8220;on|desktop&#8220; admin_label=&#8220;Bild&#8220; _builder_version=&#8220;3.23&#8243; animation_style=&#8220;slide&#8220; animation_direction=&#8220;bottom&#8220; animation_duration=&#8220;500ms&#8220; animation_intensity_slide=&#8220;10%&#8220; use_border_color=&#8220;off&#8220; border_color=&#8220;#ffffff&#8220; border_style=&#8220;solid&#8220; animation=&#8220;bottom&#8220; sticky=&#8220;on&#8220; always_center_on_mobile=&#8220;on&#8220;][\/et_pb_image][\/et_pb_column][\/et_pb_row][\/et_pb_section][et_pb_section fb_built=&#8220;1&#8243; inner_shadow=&#8220;on&#8220; custom_padding_last_edited=&#8220;on|desktop&#8220; module_id=&#8220;hygiene&#8220; _builder_version=&#8220;3.22&#8243; background_color=&#8220;#f9f9f9&#8243; parallax=&#8220;on&#8220; custom_padding_tablet=&#8220;50px|0|50px|0&#8243; custom_padding_phone=&#8220;&#8220; transparent_background=&#8220;off&#8220; padding_mobile=&#8220;off&#8220; make_fullwidth=&#8220;off&#8220; use_custom_width=&#8220;off&#8220; width_unit=&#8220;on&#8220;][et_pb_row _builder_version=&#8220;3.25&#8243; background_size=&#8220;initial&#8220; background_position=&#8220;top_left&#8220; background_repeat=&#8220;repeat&#8220;][et_pb_column type=&#8220;4_4&#8243; _builder_version=&#8220;3.25&#8243; custom_padding=&#8220;|||&#8220; custom_padding__hover=&#8220;|||&#8220;][et_pb_text admin_label=&#8220;Text&#8220; _builder_version=&#8220;3.27.4&#8243; background_size=&#8220;initial&#8220; background_position=&#8220;top_left&#8220; background_repeat=&#8220;repeat&#8220; use_border_color=&#8220;off&#8220; border_color=&#8220;#ffffff&#8220; border_style=&#8220;solid&#8220;]<\/p>\n<h2><strong>Hygiene<\/strong><\/h2>\n<p>Ein extrem hohes Ma\u00df an Hygiene am Arbeitsplatz ist ein absolutes Muss in einem Tattoostudio, damit jeder Kunde sich sorglos in meinem Sessel gleiten lassen kann. Um Dir einen Einblick in meine Arbeitsweise zu geben, haben ich hier die wichtigsten Informationen zum Thema Hygiene zusammengestellt. Solltest Du weitere Fragen haben, so sprich mich einfach an.<br \/>\n[\/et_pb_text][\/et_pb_column][\/et_pb_row][et_pb_row column_structure=&#8220;1_2,1_2&#8243; _builder_version=&#8220;3.25&#8243; background_size=&#8220;initial&#8220; background_position=&#8220;top_left&#8220; background_repeat=&#8220;repeat&#8220;][et_pb_column type=&#8220;1_2&#8243; _builder_version=&#8220;3.25&#8243; custom_padding=&#8220;|||&#8220; custom_padding__hover=&#8220;|||&#8220;][et_pb_text admin_label=&#8220;Text&#8220; _builder_version=&#8220;3.27.4&#8243; background_size=&#8220;initial&#8220; background_position=&#8220;top_left&#8220; background_repeat=&#8220;repeat&#8220; use_border_color=&#8220;off&#8220; border_color=&#8220;#ffffff&#8220; border_style=&#8220;solid&#8220;]<\/p>\n<h2><\/h2>\n<h3><span style=\"color: #333333;\">Einwegmaterialien<\/span><\/h3>\n<p>Alle Materialien, die in direktem Kontakt zur Haut stehen, sind f\u00fcr den einmaligen Gebrauch bestimmt.<\/p>\n<ul>\n<li>Nadeln<\/li>\n<li>Rasierer<\/li>\n<li>Farbbeh\u00e4lter<\/li>\n<li>Handtuchpapier<\/li>\n<li>Handschuhe des T\u00e4towierers<\/li>\n<\/ul>\n<h3><span style=\"color: #333333;\">Sterilisation<\/span><\/h3>\n<p>Die T\u00e4towiermaschinenhandst\u00fccke, auch tubes genannt, werden zun\u00e4chst per Ultraschallger\u00e4t gereinigt und im Anschluss daran in einem Hei\u00dfluft-Sterilisator autoklaviert.<br \/>\nDurch 90min\u00fctiges Erhitzen auf eine Temperatur von ca. 180\u00b0C wird vollst\u00e4ndige Keimfreiheit erzeugt.<\/p>\n<h3><\/h3>\n<p>[\/et_pb_text][\/et_pb_column][et_pb_column type=&#8220;1_2&#8243; _builder_version=&#8220;3.25&#8243; custom_padding=&#8220;|||&#8220; custom_padding__hover=&#8220;|||&#8220;][et_pb_text admin_label=&#8220;Text&#8220; _builder_version=&#8220;3.27.4&#8243; background_size=&#8220;initial&#8220; background_position=&#8220;top_left&#8220; background_repeat=&#8220;repeat&#8220; use_border_color=&#8220;off&#8220; border_color=&#8220;#ffffff&#8220; border_style=&#8220;solid&#8220;]<\/p>\n<h3><span style=\"color: #333333;\">Desinfektion<\/span><\/h3>\n<p>Der Arbeitsbereich besteht aus<\/p>\n<ul>\n<li>dem Stuhl oder die Liege des Kunden<\/li>\n<li>der Arbeitsplatte<\/li>\n<li>dem Clipcord (Anschlusskabel)<\/li>\n<li>der Desinfektions-Spr\u00fchflasche<\/li>\n<li>der Lampe<\/li>\n<\/ul>\n<p>Alle weisen eine glatte Oberfl\u00e4chenstruktur auf und werden nach jedem Kunden mittels eines Oberfl\u00e4chendesinfektionsspray gereinigt.<\/p>\n<p>Zudem werden die T\u00e4towiermaschinen mittels Ultraschallbad und Heissluftsterilisator desinfiziert. Das Ultraschallbad 1 enth\u00e4lt eine Borwasserl\u00f6sung und ist damit wirksam gegen lipophile Viren<br \/>\nIm Ultraschallbad 2, welches Helipur enth\u00e4lt, werden HIV und Hepatitis-Erreger abget\u00f6tet. Abschlie\u00dfend werden die Ger\u00e4te im Heissluftsterilisator autoklaviert. Die Vorrichtungen und Vorg\u00e4nge werden regelm\u00e4\u00dfig mittels Sporentest vom mikrobiologischen Untersuchungsamt Straubing \u00fcberpr\u00fcft.<\/p>\n<p>All diese Punkte sind bei einem Besuch in unserem Studio auch f\u00fcr den Laien leicht nachzuvollziehen. Bei weiteren Fragen gebe ich gerne Auskunft.<br \/>\n[\/et_pb_text][\/et_pb_column][\/et_pb_row][\/et_pb_section][et_pb_section fb_built=&#8220;1&#8243; inner_shadow=&#8220;on&#8220; custom_padding_last_edited=&#8220;on|desktop&#8220; _builder_version=&#8220;3.22&#8243; background_color=&#8220;#545454&#8243; parallax=&#8220;on&#8220; custom_padding_tablet=&#8220;50px|0|50px|0&#8243; custom_padding_phone=&#8220;&#8220; transparent_background=&#8220;off&#8220; padding_mobile=&#8220;off&#8220; make_fullwidth=&#8220;off&#8220; use_custom_width=&#8220;off&#8220; width_unit=&#8220;on&#8220;][et_pb_row column_structure=&#8220;1_2,1_2&#8243; padding_mobile=&#8220;off&#8220; _builder_version=&#8220;3.25&#8243; background_size=&#8220;initial&#8220; background_position=&#8220;top_left&#8220; background_repeat=&#8220;repeat&#8220; make_fullwidth=&#8220;off&#8220; use_custom_width=&#8220;off&#8220; width_unit=&#8220;on&#8220;][et_pb_column type=&#8220;1_2&#8243; _builder_version=&#8220;3.25&#8243; custom_padding=&#8220;|||&#8220; custom_padding__hover=&#8220;|||&#8220;][et_pb_text admin_label=&#8220;Text&#8220; module_id=&#8220;schmerzen&#8220; _builder_version=&#8220;3.27.4&#8243; background_size=&#8220;initial&#8220; background_position=&#8220;top_left&#8220; background_repeat=&#8220;repeat&#8220; background_layout=&#8220;dark&#8220; use_border_color=&#8220;off&#8220; border_color=&#8220;#ffffff&#8220; border_style=&#8220;solid&#8220;]<\/p>\n<h2><strong>Schmerzen<\/strong><\/h2>\n<p>Schmerz ist ein relativer Begriff, er l\u00e4sst sich nicht verallgemeinern. Jeder Mensch hat eine eigene Schmerzschwelle und die unterscheidet sich auch noch in verschiedenen K\u00f6rperregionen. Gr\u00f6\u00dfe und Platzierung des Motivs spielen hier eine gro\u00dfe Rolle.<\/p>\n<p>Mit Sicherheit ist nicht jede T\u00e4towierung mit Schmerzempfinden verbunden. Mit einem unangenehmen Gef\u00fchl solltest du aber rechnen, immerhin handelt es sich um eine echte Verletzung der Haut.<\/p>\n<p>Solltest Du Dir Gedanken \u00fcber dieses Thema machen, so sprich mich einfach direkt an. Ich werde Dir in einem pers\u00f6nlichen Gespr\u00e4ch weiterhelfen und Dich nach Deiner individuellen Vorstellung entsprechend beraten.<\/p>\n<p>&nbsp;<br \/>\n[\/et_pb_text][\/et_pb_column][et_pb_column type=&#8220;1_2&#8243; _builder_version=&#8220;3.25&#8243; custom_padding=&#8220;|||&#8220; custom_padding__hover=&#8220;|||&#8220;][et_pb_image src=&#8220;http:\/\/tattoomax-straubing.de\/wp-content\/uploads\/2015\/09\/Fotolia_73987329_XS.jpg&#8220; show_in_lightbox=&#8220;on&#8220; align=&#8220;center&#8220; align_tablet=&#8220;center&#8220; align_phone=&#8220;&#8220; align_last_edited=&#8220;on|desktop&#8220; admin_label=&#8220;Bild&#8220; _builder_version=&#8220;3.23&#8243; animation_style=&#8220;slide&#8220; animation_direction=&#8220;bottom&#8220; animation_duration=&#8220;500ms&#8220; animation_intensity_slide=&#8220;10%&#8220; use_border_color=&#8220;off&#8220; border_color=&#8220;#ffffff&#8220; border_style=&#8220;solid&#8220; animation=&#8220;bottom&#8220; sticky=&#8220;off&#8220; always_center_on_mobile=&#8220;on&#8220;][\/et_pb_image][\/et_pb_column][\/et_pb_row][\/et_pb_section][et_pb_section fb_built=&#8220;1&#8243; inner_shadow=&#8220;on&#8220; custom_padding_last_edited=&#8220;on|desktop&#8220; _builder_version=&#8220;3.22&#8243; background_color=&#8220;#f9f9f9&#8243; parallax=&#8220;on&#8220; custom_padding_tablet=&#8220;50px|0|50px|0&#8243; custom_padding_phone=&#8220;&#8220; transparent_background=&#8220;off&#8220; padding_mobile=&#8220;off&#8220; make_fullwidth=&#8220;off&#8220; use_custom_width=&#8220;off&#8220; width_unit=&#8220;on&#8220;][et_pb_row column_structure=&#8220;1_2,1_2&#8243; _builder_version=&#8220;3.25&#8243; background_size=&#8220;initial&#8220; background_position=&#8220;top_left&#8220; background_repeat=&#8220;repeat&#8220;][et_pb_column type=&#8220;1_2&#8243; _builder_version=&#8220;3.25&#8243; custom_padding=&#8220;|||&#8220; custom_padding__hover=&#8220;|||&#8220;][et_pb_image src=&#8220;http:\/\/tattoomax-straubing.de\/wp-content\/uploads\/2015\/09\/Fotolia_81329839_XS.jpg&#8220; show_in_lightbox=&#8220;on&#8220; align=&#8220;center&#8220; align_tablet=&#8220;center&#8220; align_phone=&#8220;&#8220; align_last_edited=&#8220;on|desktop&#8220; admin_label=&#8220;Bild&#8220; _builder_version=&#8220;3.23&#8243; animation_style=&#8220;slide&#8220; animation_direction=&#8220;bottom&#8220; animation_duration=&#8220;500ms&#8220; animation_intensity_slide=&#8220;10%&#8220; use_border_color=&#8220;off&#8220; border_color=&#8220;#ffffff&#8220; border_style=&#8220;solid&#8220; animation=&#8220;bottom&#8220; sticky=&#8220;off&#8220; always_center_on_mobile=&#8220;on&#8220;][\/et_pb_image][\/et_pb_column][et_pb_column type=&#8220;1_2&#8243; _builder_version=&#8220;3.25&#8243; custom_padding=&#8220;|||&#8220; custom_padding__hover=&#8220;|||&#8220;][et_pb_text admin_label=&#8220;Text&#8220; module_id=&#8220;vert&#8220; _builder_version=&#8220;3.27.4&#8243; background_size=&#8220;initial&#8220; background_position=&#8220;top_left&#8220; background_repeat=&#8220;repeat&#8220; use_border_color=&#8220;off&#8220; border_color=&#8220;#ffffff&#8220; border_style=&#8220;solid&#8220;]<\/p>\n<h2><strong>Farbvertr\u00e4glichkeit und Allergien<\/strong><\/h2>\n<p>Die Farben, die in meinem Studio verwendet werden, werden eigens f\u00fcr diese Zwecke hergestellt und unterliegen stetigen \u00dcberpr\u00fcfungen seitens des Herstellers. Jedoch kann aus medizinischer Sicht eine Hautunvertr\u00e4glichkeit \/ Allergie nicht hundertprozentig ausgeschlossen werden. Jeder Mensch reagiert nun mal individuell auf Reizungen.<\/p>\n<p>Uns sind allerdings in unserer langj\u00e4hrigen T\u00e4tigkeit keine F\u00e4lle von Allergien oder Unvertr\u00e4glichkeiten bekannt geworden!<\/p>\n<p>Weitere Fragen zu diesem Thema k\u00f6nnen in einem pers\u00f6nlichen Gespr\u00e4ch gekl\u00e4rt werden.<\/p>\n<p>&nbsp;<br \/>\n[\/et_pb_text][\/et_pb_column][\/et_pb_row][\/et_pb_section][et_pb_section fb_built=&#8220;1&#8243; inner_shadow=&#8220;on&#8220; custom_padding_last_edited=&#8220;on|desktop&#8220; module_id=&#8220;nachbehandlung&#8220; _builder_version=&#8220;3.22&#8243; parallax=&#8220;on&#8220; custom_padding_tablet=&#8220;50px|0|50px|0&#8243; custom_padding_phone=&#8220;&#8220; transparent_background=&#8220;off&#8220; padding_mobile=&#8220;off&#8220; make_fullwidth=&#8220;off&#8220; use_custom_width=&#8220;off&#8220; width_unit=&#8220;on&#8220;][et_pb_row column_structure=&#8220;1_2,1_2&#8243; _builder_version=&#8220;3.25&#8243; background_size=&#8220;initial&#8220; background_position=&#8220;top_left&#8220; background_repeat=&#8220;repeat&#8220;][et_pb_column type=&#8220;1_2&#8243; _builder_version=&#8220;3.25&#8243; custom_padding=&#8220;|||&#8220; custom_padding__hover=&#8220;|||&#8220;][et_pb_text admin_label=&#8220;Text&#8220; _builder_version=&#8220;3.27.4&#8243; background_size=&#8220;initial&#8220; background_position=&#8220;top_left&#8220; background_repeat=&#8220;repeat&#8220; use_border_color=&#8220;off&#8220; border_color=&#8220;#ffffff&#8220; border_style=&#8220;solid&#8220;]<\/p>\n<h2><strong>Nachbehandlung<\/strong><\/h2>\n<p>Nach Fertigstellung des Tattoos wird ein Folienverband angelegt, der die gereizte Hautpartie vor Schmutz, Staub und sonstigen \u00e4u\u00dferen Einfl\u00fcssen sch\u00fctzt. Dieser Erstverband muss direkt nach ca. 1 Stunde gewechselt werden.<\/p>\n<ol>\n<li>Nach Abnahme des alten Verbandes wird die t\u00e4towierte Stelle zun\u00e4chst mit feuchtem Haushaltspapier vorsichtig abgerieben.<\/li>\n<li>Anschlie\u00dfend wird eine Wund- und Heilsalbe (z.B. Bepanthen von Roche, Wundbalsam von Ratiopharm, etc.) aufgetragen.<\/li>\n<li>Nun wird erneut ein Folienverband gemacht. Nutze dazu einfach Frischhaltefolie aus dem Supermarkt und befestige sie mit Tape.<\/li>\n<\/ol>\n<p>Bevor du am Abend zu Bett gehst, m\u00fcssen alle drei Punkte wiederholt werden.<\/p>\n<p>Am zweiten Tag kannst Du den Folienverband abnehmen und danach auch weglassen. Es reicht, die frisch t\u00e4towierte Stelle nur noch mit Wund- und Heilsalbe einzureiben. Dieses solltest Du in den kommenden Tagen mindestens dreimal t\u00e4glich tun. H\u00f6r erst damit auf, wenn der Abheilprozess tats\u00e4chlich beendet ist.<br \/>\n[\/et_pb_text][\/et_pb_column][et_pb_column type=&#8220;1_2&#8243; _builder_version=&#8220;3.25&#8243; custom_padding=&#8220;|||&#8220; custom_padding__hover=&#8220;|||&#8220;][et_pb_text admin_label=&#8220;Text&#8220; _builder_version=&#8220;3.27.4&#8243; background_size=&#8220;initial&#8220; background_position=&#8220;top_left&#8220; background_repeat=&#8220;repeat&#8220; use_border_color=&#8220;off&#8220; border_color=&#8220;#ffffff&#8220; border_style=&#8220;solid&#8220;]&nbsp;<\/p>\n<p>Vermeide daran zu kratzen oder zu knibbeln oder sonstwie daran herumzuspielen!<br \/>\nTrage keine Schurwolle auf der frisch t\u00e4towierten Stelle<\/p>\n<p>Vermeide unbedingt den Kontakt mit:<\/p>\n<ul>\n<li>Schmutz, Staub, etc.<\/li>\n<li>Tierhaae<\/li>\n<li>\u00d6l<\/li>\n<li>Chlorwasser<\/li>\n<li>Sand<\/li>\n<li>UV-Strahlen (Sonne, Sonnenbank)<\/li>\n<\/ul>\n<p>Duschen (anschlie\u00dfend Tattoo an der Luft trocknen lassen) und das Tragen von Baumwollkleidung sind kein Problem.<\/p>\n<p>Der Abheilprozess dauert je nach Gr\u00f6\u00dfe und Platzierung des Tattoos unterschiedlich lang. Als Richtwert kann man alles als normal betrachten, was zwischen drei Tagen und drei Wochen liegt<br \/>\n[\/et_pb_text][\/et_pb_column][\/et_pb_row][\/et_pb_section][et_pb_section fb_built=&#8220;1&#8243; fullwidth=&#8220;on&#8220; module_id=&#8220;location&#8220; _builder_version=&#8220;4.4.3&#8243;][\/et_pb_section]<\/p>\n","protected":false},"excerpt":{"rendered":"<p>[et_pb_section fb_built=&#8220;1&#8243; fullwidth=&#8220;on&#8220; _builder_version=&#8220;3.22&#8243;][et_pb_fullwidth_slider admin_label=&#8220;Vollbreiter Slider&#8220; _builder_version=&#8220;3.16&#8243; custom_padding=&#8220;|||&#8220; custom_padding_tablet=&#8220;|||&#8220; custom_padding_phone=&#8220;|||&#8220; auto=&#8220;on&#8220; box_shadow_style=&#8220;preset6&#8243; box_shadow_blur=&#8220;10px&#8220; box_shadow_color=&#8220;rgba(0,0,0,0.1)&#8220; remove_inner_shadow=&#8220;off&#8220; hide_content_on_mobile=&#8220;off&#8220; hide_cta_on_mobile=&#8220;off&#8220; show_inner_shadow=&#8220;on&#8220; button_letter_spacing_hover=&#8220;0&#8243; button_text_size__hover_enabled=&#8220;off&#8220; button_one_text_size__hover_enabled=&#8220;off&#8220; button_two_text_size__hover_enabled=&#8220;off&#8220; button_text_color__hover_enabled=&#8220;off&#8220; button_one_text_color__hover_enabled=&#8220;off&#8220; button_two_text_color__hover_enabled=&#8220;off&#8220; button_border_width__hover_enabled=&#8220;off&#8220; button_one_border_width__hover_enabled=&#8220;off&#8220; button_two_border_width__hover_enabled=&#8220;off&#8220; button_border_color__hover_enabled=&#8220;off&#8220; button_one_border_color__hover_enabled=&#8220;off&#8220; button_two_border_color__hover_enabled=&#8220;off&#8220; button_border_radius__hover_enabled=&#8220;off&#8220; button_one_border_radius__hover_enabled=&#8220;off&#8220; button_two_border_radius__hover_enabled=&#8220;off&#8220; button_letter_spacing__hover_enabled=&#8220;on&#8220; button_letter_spacing__hover=&#8220;0&#8243; button_one_letter_spacing__hover_enabled=&#8220;off&#8220; button_two_letter_spacing__hover_enabled=&#8220;off&#8220; button_bg_color__hover_enabled=&#8220;off&#8220; button_one_bg_color__hover_enabled=&#8220;off&#8220; button_two_bg_color__hover_enabled=&#8220;off&#8220;][et_pb_slide heading=&#8220;Willkommen im Tattoomax Straubing&#8220; button_text=&#8220;ZUR GALERIE&#8220; button_link=&#8220;http:\/\/tattoomax-straubing.de\/?page_id=152&#8243; image=&#8220;http:\/\/tattoomax-straubing.de\/wp-content\/uploads\/2015\/09\/tattoo2.png&#8220; _builder_version=&#8220;3.16&#8243; background_color=&#8220;#ffffff&#8220; background_image=&#8220;http:\/\/tattoomax-straubing.de\/wp-content\/uploads\/2015\/09\/back.png&#8220; button_icon_placement=&#8220;right&#8220; button_on_hover=&#8220;on&#8220; button_text_size__hover_enabled=&#8220;off&#8220; [&hellip;]<\/p>\n","protected":false},"author":1,"featured_media":0,"parent":0,"menu_order":0,"comment_status":"closed","ping_status":"closed","template":"","meta":{"_et_pb_use_builder":"on","_et_pb_old_content":"<p>Herzlich Willkommen !<\/p>","_et_gb_content_width":""},"_links":{"self":[{"href":"http:\/\/tattoomax-straubing.de\/index.php?rest_route=\/wp\/v2\/pages\/74"}],"collection":[{"href":"http:\/\/tattoomax-straubing.de\/index.php?rest_route=\/wp\/v2\/pages"}],"about":[{"href":"http:\/\/tattoomax-straubing.de\/index.php?rest_route=\/wp\/v2\/types\/page"}],"author":[{"embeddable":true,"href":"http:\/\/tattoomax-straubing.de\/index.php?rest_route=\/wp\/v2\/users\/1"}],"replies":[{"embeddable":true,"href":"http:\/\/tattoomax-straubing.de\/index.php?rest_route=%2Fwp%2Fv2%2Fcomments&post=74"}],"version-history":[{"count":57,"href":"http:\/\/tattoomax-straubing.de\/index.php?rest_route=\/wp\/v2\/pages\/74\/revisions"}],"predecessor-version":[{"id":283,"href":"http:\/\/tattoomax-straubing.de\/index.php?rest_route=\/wp\/v2\/pages\/74\/revisions\/283"}],"wp:attachment":[{"href":"http:\/\/tattoomax-straubing.de\/index.php?rest_route=%2Fwp%2Fv2%2Fmedia&parent=74"}],"curies":[{"name":"wp","href":"https:\/\/api.w.org\/{rel}","templated":true}]}}